{"id":354,"date":"2020-07-30T10:47:31","date_gmt":"2020-07-30T10:47:31","guid":{"rendered":"http:\/\/mvs50.es\/?page_id=354"},"modified":"2020-09-01T15:47:37","modified_gmt":"2020-09-01T15:47:37","slug":"carousel-slide-id357","status":"publish","type":"page","link":"https:\/\/mvs50.es\/index.php\/orfebreria\/carousel-slide-id357\/","title":{"rendered":"SERVILLETEROS ZAC"},"content":{"rendered":"\n<div class=\"wp-block-columns\">\n<div class=\"wp-block-column\">\n<div class=\"wp-block-image is-style-default\"><figure class=\"alignright size-large is-resized\"><img loading=\"lazy\" src=\"http:\/\/mvs50.es\/wp-content\/uploads\/2020\/08\/DSCN2027-edited-1.jpg\" alt=\"\" class=\"wp-image-720\" width=\"355\" height=\"266\" srcset=\"https:\/\/mvs50.es\/wp-content\/uploads\/2020\/08\/DSCN2027-edited-1.jpg 1958w, https:\/\/mvs50.es\/wp-content\/uploads\/2020\/08\/DSCN2027-edited-1-300x225.jpg 300w, https:\/\/mvs50.es\/wp-content\/uploads\/2020\/08\/DSCN2027-edited-1-1024x769.jpg 1024w, https:\/\/mvs50.es\/wp-content\/uploads\/2020\/08\/DSCN2027-edited-1-768x577.jpg 768w, https:\/\/mvs50.es\/wp-content\/uploads\/2020\/08\/DSCN2027-edited-1-1536x1154.jpg 1536w, https:\/\/mvs50.es\/wp-content\/uploads\/2020\/08\/DSCN2027-edited-1-800x600.jpg 800w, https:\/\/mvs50.es\/wp-content\/uploads\/2020\/08\/DSCN2027-edited-1-600x451.jpg 600w\" sizes=\"(max-width: 355px) 100vw, 355px\" \/><\/figure><\/div>\n<\/div>\n\n\n\n<div class=\"wp-block-column\">\n<p><span style=\"color:#464646\" class=\"has-inline-color\">Los servilleteros \u201cZAC\u201d surgen desde un primer momento  con  vocaci\u00f3n escult\u00f3rica.<\/span><\/p>\n\n\n\n<p><span style=\"color:#464646\" class=\"has-inline-color\">Basados en la utilizaci\u00f3n de un  mismo material, plata 925,  pero con un acabado final diferenciador,  permite que se potencien  los distintos planos , creando as\u00ed un juego entre las iniciales del nombre y apellido. <\/span><\/p>\n\n\n\n<p><span style=\"color:#464646\" class=\"has-inline-color\">La simetr\u00eda utilizada para la composici\u00f3n de las dos piezas, dinamiza el dise\u00f1o final.<\/span><\/p>\n\n\n\n<p><span style=\"color:#464646\" class=\"has-inline-color\">De \u00e9sta manera, el juego y la complicidad entre los servilleteros hace que dejen de ser piezas individuales para convertirse en un conjunto.<\/span><\/p>\n<\/div>\n<\/div>\n\n\n\n<div class=\"wp-block-columns\">\n<div class=\"wp-block-column\">\n<figure class=\"wp-block-image is-style-default\"><img alt=\"\"\/><\/figure>\n<\/div>\n\n\n\n<div class=\"wp-block-column\"><\/div>\n<\/div>\n\n\n\n<div class=\"wp-block-columns\">\n<div class=\"wp-block-column\"><\/div>\n\n\n\n<div class=\"wp-block-column\"><\/div>\n<\/div>\n\n\n\n<div class=\"wp-block-columns\">\n<div class=\"wp-block-column\"><\/div>\n\n\n\n<div class=\"wp-block-column\">\n<figure class=\"wp-block-image is-style-default\"><img alt=\"\"\/><\/figure>\n<\/div>\n<\/div>\n\n\n\n<div class=\"wp-block-columns\">\n<div class=\"wp-block-column\">\n<figure class=\"wp-block-image size-large is-style-default\"><img loading=\"lazy\" width=\"1961\" height=\"1472\" src=\"http:\/\/mvs50.es\/wp-content\/uploads\/2020\/08\/DSCN2051-edited.jpg\" alt=\"\" class=\"wp-image-698\" srcset=\"https:\/\/mvs50.es\/wp-content\/uploads\/2020\/08\/DSCN2051-edited.jpg 1961w, https:\/\/mvs50.es\/wp-content\/uploads\/2020\/08\/DSCN2051-edited-300x225.jpg 300w, https:\/\/mvs50.es\/wp-content\/uploads\/2020\/08\/DSCN2051-edited-1024x769.jpg 1024w, https:\/\/mvs50.es\/wp-content\/uploads\/2020\/08\/DSCN2051-edited-768x576.jpg 768w, https:\/\/mvs50.es\/wp-content\/uploads\/2020\/08\/DSCN2051-edited-1536x1153.jpg 1536w, https:\/\/mvs50.es\/wp-content\/uploads\/2020\/08\/DSCN2051-edited-800x600.jpg 800w, https:\/\/mvs50.es\/wp-content\/uploads\/2020\/08\/DSCN2051-edited-600x450.jpg 600w\" sizes=\"(max-width: 1961px) 100vw, 1961px\" \/><\/figure>\n<\/div>\n\n\n\n<div class=\"wp-block-column\">\n<figure class=\"wp-block-image size-large is-style-default\"><img loading=\"lazy\" width=\"1961\" height=\"1471\" src=\"http:\/\/mvs50.es\/wp-content\/uploads\/2020\/08\/DSCN1982-edited.jpg\" alt=\"\" class=\"wp-image-697\" srcset=\"https:\/\/mvs50.es\/wp-content\/uploads\/2020\/08\/DSCN1982-edited.jpg 1961w, https:\/\/mvs50.es\/wp-content\/uploads\/2020\/08\/DSCN1982-edited-300x225.jpg 300w, https:\/\/mvs50.es\/wp-content\/uploads\/2020\/08\/DSCN1982-edited-1024x768.jpg 1024w, https:\/\/mvs50.es\/wp-content\/uploads\/2020\/08\/DSCN1982-edited-768x576.jpg 768w, https:\/\/mvs50.es\/wp-content\/uploads\/2020\/08\/DSCN1982-edited-1536x1152.jpg 1536w, https:\/\/mvs50.es\/wp-content\/uploads\/2020\/08\/DSCN1982-edited-800x600.jpg 800w, https:\/\/mvs50.es\/wp-content\/uploads\/2020\/08\/DSCN1982-edited-600x450.jpg 600w\" sizes=\"(max-width: 1961px) 100vw, 1961px\" \/><\/figure>\n<\/div>\n<\/div>\n\n\n\n<div class=\"wp-block-columns\">\n<div class=\"wp-block-column\">\n<figure class=\"wp-block-image size-large is-style-default\"><img loading=\"lazy\" width=\"1471\" height=\"1104\" src=\"http:\/\/mvs50.es\/wp-content\/uploads\/2020\/08\/IMG_20170209_171515-edited.jpg\" alt=\"\" class=\"wp-image-699\" srcset=\"https:\/\/mvs50.es\/wp-content\/uploads\/2020\/08\/IMG_20170209_171515-edited.jpg 1471w, https:\/\/mvs50.es\/wp-content\/uploads\/2020\/08\/IMG_20170209_171515-edited-300x225.jpg 300w, https:\/\/mvs50.es\/wp-content\/uploads\/2020\/08\/IMG_20170209_171515-edited-1024x769.jpg 1024w, https:\/\/mvs50.es\/wp-content\/uploads\/2020\/08\/IMG_20170209_171515-edited-768x576.jpg 768w, https:\/\/mvs50.es\/wp-content\/uploads\/2020\/08\/IMG_20170209_171515-edited-800x600.jpg 800w, https:\/\/mvs50.es\/wp-content\/uploads\/2020\/08\/IMG_20170209_171515-edited-600x450.jpg 600w\" sizes=\"(max-width: 1471px) 100vw, 1471px\" \/><\/figure>\n<\/div>\n\n\n\n<div class=\"wp-block-column\"><\/div>\n<\/div>\n","protected":false},"excerpt":{"rendered":"<p>Los servilleteros \u201cZAC\u201d surgen desde un primer momento con vocaci\u00f3n&#8230;<\/p>\n","protected":false},"author":1,"featured_media":274,"parent":170,"menu_order":5,"comment_status":"closed","ping_status":"closed","template":"","meta":[],"_links":{"self":[{"href":"https:\/\/mvs50.es\/index.php\/wp-json\/wp\/v2\/pages\/354"}],"collection":[{"href":"https:\/\/mvs50.es\/index.php\/wp-json\/wp\/v2\/pages"}],"about":[{"href":"https:\/\/mvs50.es\/index.php\/wp-json\/wp\/v2\/types\/page"}],"author":[{"embeddable":true,"href":"https:\/\/mvs50.es\/index.php\/wp-json\/wp\/v2\/users\/1"}],"replies":[{"embeddable":true,"href":"https:\/\/mvs50.es\/index.php\/wp-json\/wp\/v2\/comments?post=354"}],"version-history":[{"count":13,"href":"https:\/\/mvs50.es\/index.php\/wp-json\/wp\/v2\/pages\/354\/revisions"}],"predecessor-version":[{"id":987,"href":"https:\/\/mvs50.es\/index.php\/wp-json\/wp\/v2\/pages\/354\/revisions\/987"}],"up":[{"embeddable":true,"href":"https:\/\/mvs50.es\/index.php\/wp-json\/wp\/v2\/pages\/170"}],"wp:featuredmedia":[{"embeddable":true,"href":"https:\/\/mvs50.es\/index.php\/wp-json\/wp\/v2\/media\/274"}],"wp:attachment":[{"href":"https:\/\/mvs50.es\/index.php\/wp-json\/wp\/v2\/media?parent=354"}],"curies":[{"name":"wp","href":"https:\/\/api.w.org\/{rel}","templated":true}]}}