{"id":415,"date":"2020-08-29T11:22:29","date_gmt":"2020-08-29T11:22:29","guid":{"rendered":"http:\/\/mvs50.es\/?page_id=415"},"modified":"2023-05-30T11:40:59","modified_gmt":"2023-05-30T11:40:59","slug":"bio","status":"publish","type":"page","link":"https:\/\/mvs50.es\/index.php\/bio\/","title":{"rendered":"Bio"},"content":{"rendered":"\n<p><span style=\"color:#464646\" class=\"has-inline-color\"><strong>Magdalena V\u00e9lez Salinas,<\/strong> con su colecci\u00f3n de Joyas Fragmentadas mvs50 experimenta los juegos de luz y sombra con piezas a medio camino entre la escultura y la joyer\u00eda y tienen origen en sus grabados. <\/span><\/p>\n\n\n\n<p><span style=\"color:#464646\" class=\"has-inline-color\"><strong>Arquitecto<\/strong> por la Universidad Polit\u00e9cnica de Madrid, combina su labor como arquitecto con la docencia (profesor de arquitectura en la Universidad Alfonso X El Sabio de Madrid) y su trabajo art\u00edstico como Orfebre y Grabador.<\/span><\/p>\n\n\n\n<p><span style=\"color:#464646\" class=\"has-inline-color\">La pasi\u00f3n por el dise\u00f1o, no solo de espacios sino tambi\u00e9n de objetos de uso cotidiano le lleva a realizar los estudios de T\u00e9cnico Superior de Artes Pl\u00e1sticas y Dise\u00f1o en Orfebrer\u00eda y Plater\u00eda Art\u00edsticas en Madrid, descubriendo el trabajo de Orfebres dedicados a la realizaci\u00f3n de Orfebrer\u00eda y Joyer\u00eda.<\/span><\/p>\n\n\n\n<p><span style=\"color:#464646\" class=\"has-inline-color\">Tras sus estudios de Orfebrer\u00eda, funda la Asociaci\u00f3n de Dise\u00f1adores de Orfebrer\u00eda y Joyer\u00eda Contempor\u00e1neas en Madrid junto a compa\u00f1eros orfebres, con el fin de devolver al nivel de las \u201cArtes Mayores\u201d la Orfebrer\u00eda Contempor\u00e1nea, promocionando y reivindicando su lugar.<\/span><\/p>\n\n\n\n<p><span style=\"color:#464646\" class=\"has-inline-color\">Desde 2017 realizan de manera continuada&nbsp; la MUESTRA\u00b7 ORFEBRER\u00cdA CONTEMPOR\u00c1NEA, que tiene lugar en Madrid en el Museo Nacional de Artes Decorativas, Real Academia de Bellas Artes de San Fernando, Museo de Historia de Madrid, Museo L\u00e1zaro Galdiano, Casa Museo Lope de Vega, Museo de Arte Contempor\u00e1neo de Madrid y Museo de San Isidro, los Or\u00edgenes de Madrid.<\/span><\/p>\n\n\n\n<p><span style=\"color:#464646\" class=\"has-inline-color\">Su trabajo como orfebre abarca adornos de uso personal, orfebrer\u00eda religiosa y civil, de manera que, inspir\u00e1ndose en sus grabados, la tercera dimensi\u00f3n se convierte en realidad.<\/span><\/p>\n\n\n\n<p><strong>M&nbsp;A N I F I E S T O &nbsp;&nbsp;&nbsp;A R T \u00cd S T I C O&nbsp;&nbsp;&nbsp;&nbsp;&nbsp;&nbsp;&nbsp;&nbsp;&nbsp;&nbsp;<\/strong><\/p>\n\n\n\n<p><span style=\"color:#464646\" class=\"has-inline-color\">Cualquier elemento construible en medio de la naturaleza debe integrarse en su entorno inmediato, relacionarse de tal manera que se sienta como una prolongaci\u00f3n de aquella. La escala de trabajo, en \u00e9ste caso, es la antropom\u00e9trica, la intr\u00ednseca al ser humano.<\/span><\/p>\n\n\n\n<p><span style=\"color:#464646\" class=\"has-inline-color\">Los <strong>grabados<\/strong> expresan en dos dimensiones el origen y proceso de las piezas de mvs50, el pensamiento previo del que parten, el fuego y agua de la talla hasta perfilarse como la joya finalmente obtenida.<\/span><\/p>\n\n\n\n<p><span style=\"color:#464646\" class=\"has-inline-color\">Por ello ya no vale la digitalizaci\u00f3n del proceso, sino el borrador, el croquis hecho a mano para adaptar la pieza, una y otra vez mediante un proceso de re-adaptaci\u00f3n sucesiva, a las curvas del cuerpo humano, recuperando el tacto como un sentido pleno de emoci\u00f3n, ese ce\u00f1imiento de la pieza a la piel para confirmar su origen anat\u00f3mico, y que la haga \u00fanica, diferente.<\/span><\/p>\n\n\n\n<p><span style=\"color:#464646\" class=\"has-inline-color\">Nuevos recursos de creaci\u00f3n. Se tallan distintos planos y espacios para permitir el paso de luz, un juego de sombras en la totalidad del elemento que sugieran distintas densidades, como en la naturaleza.<\/span><\/p>\n\n\n\n<p><span style=\"color:#464646\" class=\"has-inline-color\">As\u00ed, las Joyas Fragmentadas pretenden establecer una conexi\u00f3n regulada a partir de la base de la pieza y de su propio vuelo, que es lo que vemos, con el propio cuerpo de la persona que la luce.<\/span><\/p>\n\n\n\n<p><span style=\"color:#464646\" class=\"has-inline-color\">La joya creada de esta manera es una prolongaci\u00f3n de su modo de entender las cosas, no hace sino reforzar el car\u00e1cter de quien la lleva.<\/span><\/p>\n\n\n\n<p><span style=\"color:#464646\" class=\"has-inline-color\">Las l\u00edneas puras de la plata que contrastan con la fragilidad de los trazos sobre el oro  van conformando las colecciones, que se organizan de forma que los \u201cchoques, subidas, traves\u00edas, volteretas, hagan all\u00ed mismo un espacio desparramado, desconocido, que puede dislocarse, deshacerse, dividirse, hacerse jirones, rebosar, embriagarse, un espacio de espacios, de perspectivas superpuestas\u201d, tal y como dice Micheaux en \u00c9mergences, r\u00e9surgences.<\/span><\/p>\n\n\n\n<p><span style=\"color:#464646\" class=\"has-inline-color\">El material de b\u00fasqueda ser\u00e1 la plata, el oro el del hallazgo.<\/span><\/p>\n\n\n\n<p><span style=\"color:#464646\" class=\"has-inline-color\">Todas las piezas de se realizan de forma artesanal en Espa\u00f1a por encargo, y forman parte de una colecci\u00f3n limitada de 50 unidades por modelo, numeradas y con firma de autor.<\/span><\/p>\n","protected":false},"excerpt":{"rendered":"<p>Magdalena V\u00e9lez Salinas, con su colecci\u00f3n de Joyas Fragmentadas mvs50&#8230;<\/p>\n","protected":false},"author":1,"featured_media":0,"parent":0,"menu_order":0,"comment_status":"closed","ping_status":"closed","template":"","meta":[],"_links":{"self":[{"href":"https:\/\/mvs50.es\/index.php\/wp-json\/wp\/v2\/pages\/415"}],"collection":[{"href":"https:\/\/mvs50.es\/index.php\/wp-json\/wp\/v2\/pages"}],"about":[{"href":"https:\/\/mvs50.es\/index.php\/wp-json\/wp\/v2\/types\/page"}],"author":[{"embeddable":true,"href":"https:\/\/mvs50.es\/index.php\/wp-json\/wp\/v2\/users\/1"}],"replies":[{"embeddable":true,"href":"https:\/\/mvs50.es\/index.php\/wp-json\/wp\/v2\/comments?post=415"}],"version-history":[{"count":17,"href":"https:\/\/mvs50.es\/index.php\/wp-json\/wp\/v2\/pages\/415\/revisions"}],"predecessor-version":[{"id":1044,"href":"https:\/\/mvs50.es\/index.php\/wp-json\/wp\/v2\/pages\/415\/revisions\/1044"}],"wp:attachment":[{"href":"https:\/\/mvs50.es\/index.php\/wp-json\/wp\/v2\/media?parent=415"}],"curies":[{"name":"wp","href":"https:\/\/api.w.org\/{rel}","templated":true}]}}