{"id":665,"date":"2020-08-30T07:51:11","date_gmt":"2020-08-30T07:51:11","guid":{"rendered":"http:\/\/mvs50.es\/?page_id=665"},"modified":"2020-09-01T15:46:37","modified_gmt":"2020-09-01T15:46:37","slug":"jhs-colombini","status":"publish","type":"page","link":"https:\/\/mvs50.es\/index.php\/orfebreria\/jhs-colombini\/","title":{"rendered":"JHS COLOMBINI"},"content":{"rendered":"\n<div class=\"wp-block-columns\">\n<div class=\"wp-block-column\">\n<div class=\"wp-block-image is-style-default\"><figure class=\"alignright size-large is-resized\"><img loading=\"lazy\" src=\"http:\/\/mvs50.es\/wp-content\/uploads\/2020\/08\/DSC2010-e1520334592370-edited-scaled.jpg\" alt=\"\" class=\"wp-image-743\" width=\"431\" height=\"431\" srcset=\"https:\/\/mvs50.es\/wp-content\/uploads\/2020\/08\/DSC2010-e1520334592370-edited-scaled.jpg 2553w, https:\/\/mvs50.es\/wp-content\/uploads\/2020\/08\/DSC2010-e1520334592370-edited-300x300.jpg 300w, https:\/\/mvs50.es\/wp-content\/uploads\/2020\/08\/DSC2010-e1520334592370-edited-1021x1024.jpg 1021w, https:\/\/mvs50.es\/wp-content\/uploads\/2020\/08\/DSC2010-e1520334592370-edited-150x150.jpg 150w, https:\/\/mvs50.es\/wp-content\/uploads\/2020\/08\/DSC2010-e1520334592370-edited-768x770.jpg 768w, https:\/\/mvs50.es\/wp-content\/uploads\/2020\/08\/DSC2010-e1520334592370-edited-1532x1536.jpg 1532w, https:\/\/mvs50.es\/wp-content\/uploads\/2020\/08\/DSC2010-e1520334592370-edited-2042x2048.jpg 2042w, https:\/\/mvs50.es\/wp-content\/uploads\/2020\/08\/DSC2010-e1520334592370-edited-600x602.jpg 600w\" sizes=\"(max-width: 431px) 100vw, 431px\" \/><\/figure><\/div>\n<\/div>\n\n\n\n<div class=\"wp-block-column\">\n<p><span style=\"color:#464646\" class=\"has-inline-color\">Con la colecci\u00f3n <strong><em>JHS COLOMBINI<\/em><\/strong>, se plantean nuevos dise\u00f1os que contrastan con los que hasta ahora han permanecido en la orfebrer\u00eda religiosa: l\u00edneas puras para los elementos de apoyo del C\u00e1liz y Cop\u00f3n-Patena, donde adquiere protagonismo el trigrama <strong>JHS<\/strong> como elemento simb\u00f3lico, sobre los que aparecen et\u00e9reos y sutilmente posados la&nbsp;copa y el recipiente.<\/span><\/p>\n\n\n\n<p><span style=\"color:#464646\" class=\"has-inline-color\">El resultado hace que las piezas, sin desvirtuar la parte funcional del objeto, se acercan m\u00e1s al concepto de elemento escult\u00f3rico, recuperando adem\u00e1s un lenguaje simb\u00f3lico en la utilizaci\u00f3n de tres elementos de apoyo, como n\u00famero  que aparece repetidas veces dentro de &nbsp;la religi\u00f3n.<\/span><span class=\"has-inline-color has-cyan-bluish-gray-color\"> <\/span><\/p>\n\n\n\n<p><span style=\"color:#464646\" class=\"has-inline-color\">L\u00edneas rectas y cl\u00e1sicas para la composici\u00f3n de las piezas, oro y plata como elementos diferenciadores, potencian claramente la importancia de los recipientes y del trigrama.<\/span><\/p>\n\n\n\n<p><span style=\"color:#464646\" class=\"has-inline-color\">Las piezas se realizan de forma artesanal con ba\u00f1o de oro 18k.<\/span><\/p>\n\n\n\n<p><span style=\"color:#464646\" class=\"has-inline-color\">Piezas numeradas. Edici\u00f3n limitada.<\/span><\/p>\n<\/div>\n<\/div>\n\n\n\n<div class=\"wp-block-columns\">\n<div class=\"wp-block-column\"><\/div>\n\n\n\n<div class=\"wp-block-column\"><\/div>\n<\/div>\n\n\n\n<div class=\"wp-block-columns\">\n<div class=\"wp-block-column\"><\/div>\n\n\n\n<div class=\"wp-block-column\"><\/div>\n<\/div>\n\n\n\n<div class=\"wp-block-columns\">\n<div class=\"wp-block-column\"><\/div>\n\n\n\n<div class=\"wp-block-column\"><\/div>\n<\/div>\n\n\n\n<div class=\"wp-block-columns\">\n<div class=\"wp-block-column\">\n<div class=\"wp-block-image is-style-default\"><figure class=\"alignright size-large\"><img loading=\"lazy\" width=\"2560\" height=\"1920\" src=\"http:\/\/mvs50.es\/wp-content\/uploads\/2020\/08\/C3_DSC2024-edited-scaled.jpg\" alt=\"\" class=\"wp-image-668\" srcset=\"https:\/\/mvs50.es\/wp-content\/uploads\/2020\/08\/C3_DSC2024-edited-scaled.jpg 2560w, https:\/\/mvs50.es\/wp-content\/uploads\/2020\/08\/C3_DSC2024-edited-300x225.jpg 300w, https:\/\/mvs50.es\/wp-content\/uploads\/2020\/08\/C3_DSC2024-edited-1024x768.jpg 1024w, https:\/\/mvs50.es\/wp-content\/uploads\/2020\/08\/C3_DSC2024-edited-768x576.jpg 768w, https:\/\/mvs50.es\/wp-content\/uploads\/2020\/08\/C3_DSC2024-edited-1536x1152.jpg 1536w, https:\/\/mvs50.es\/wp-content\/uploads\/2020\/08\/C3_DSC2024-edited-2048x1536.jpg 2048w, https:\/\/mvs50.es\/wp-content\/uploads\/2020\/08\/C3_DSC2024-edited-800x600.jpg 800w, https:\/\/mvs50.es\/wp-content\/uploads\/2020\/08\/C3_DSC2024-edited-600x450.jpg 600w\" sizes=\"(max-width: 2560px) 100vw, 2560px\" \/><figcaption><span style=\"color:#464646\" class=\"has-inline-color\">C\u00e1liz y Cop\u00f3n Patena<\/span><\/figcaption><\/figure><\/div>\n<\/div>\n\n\n\n<div class=\"wp-block-column\">\n<div class=\"wp-block-image is-style-default\"><figure class=\"alignleft size-large is-resized\"><img loading=\"lazy\" src=\"http:\/\/mvs50.es\/wp-content\/uploads\/2018\/03\/C_DSC2017-681x1024.jpg\" alt=\"\" class=\"wp-image-134\" width=\"225\" height=\"338\" srcset=\"https:\/\/mvs50.es\/wp-content\/uploads\/2018\/03\/C_DSC2017-681x1024.jpg 681w, https:\/\/mvs50.es\/wp-content\/uploads\/2018\/03\/C_DSC2017-199x300.jpg 199w, https:\/\/mvs50.es\/wp-content\/uploads\/2018\/03\/C_DSC2017-768x1155.jpg 768w, https:\/\/mvs50.es\/wp-content\/uploads\/2018\/03\/C_DSC2017-600x902.jpg 600w\" sizes=\"(max-width: 225px) 100vw, 225px\" \/><figcaption><span style=\"color:#464646\" class=\"has-inline-color\">C\u00e1liz<\/span><\/figcaption><\/figure><\/div>\n<\/div>\n<\/div>\n\n\n\n<figure class=\"wp-block-gallery aligncenter columns-2 is-cropped\"><ul class=\"blocks-gallery-grid\"><li class=\"blocks-gallery-item\"><figure><img loading=\"lazy\" width=\"1024\" height=\"563\" src=\"http:\/\/mvs50.es\/wp-content\/uploads\/2018\/03\/C_DSC2033-1024x563.jpg\" alt=\"\" data-id=\"136\" data-full-url=\"http:\/\/mvs50.es\/wp-content\/uploads\/2018\/03\/C_DSC2033.jpg\" data-link=\"http:\/\/mvs50.es\/c_dsc2033\/\" class=\"wp-image-136\" srcset=\"https:\/\/mvs50.es\/wp-content\/uploads\/2018\/03\/C_DSC2033-1024x563.jpg 1024w, https:\/\/mvs50.es\/wp-content\/uploads\/2018\/03\/C_DSC2033-300x165.jpg 300w, https:\/\/mvs50.es\/wp-content\/uploads\/2018\/03\/C_DSC2033-768x422.jpg 768w, https:\/\/mvs50.es\/wp-content\/uploads\/2018\/03\/C_DSC2033-600x330.jpg 600w\" sizes=\"(max-width: 1024px) 100vw, 1024px\" \/><\/figure><\/li><li class=\"blocks-gallery-item\"><figure><img loading=\"lazy\" width=\"1024\" height=\"639\" src=\"http:\/\/mvs50.es\/wp-content\/uploads\/2018\/03\/C_DSC2030-1024x639.jpg\" alt=\"\" data-id=\"135\" data-full-url=\"http:\/\/mvs50.es\/wp-content\/uploads\/2018\/03\/C_DSC2030.jpg\" data-link=\"http:\/\/mvs50.es\/c_dsc2030\/\" class=\"wp-image-135\" srcset=\"https:\/\/mvs50.es\/wp-content\/uploads\/2018\/03\/C_DSC2030-1024x639.jpg 1024w, https:\/\/mvs50.es\/wp-content\/uploads\/2018\/03\/C_DSC2030-300x187.jpg 300w, https:\/\/mvs50.es\/wp-content\/uploads\/2018\/03\/C_DSC2030-768x479.jpg 768w, https:\/\/mvs50.es\/wp-content\/uploads\/2018\/03\/C_DSC2030-600x375.jpg 600w\" sizes=\"(max-width: 1024px) 100vw, 1024px\" \/><\/figure><\/li><\/ul><figcaption class=\"blocks-gallery-caption\"><span style=\"color:#464646\" class=\"has-inline-color\">Cop\u00f3n Patena<\/span><\/figcaption><\/figure>\n\n\n\n<div class=\"wp-block-columns\">\n<div class=\"wp-block-column\"><\/div>\n<\/div>\n","protected":false},"excerpt":{"rendered":"<p>Con la colecci\u00f3n JHS COLOMBINI, se plantean nuevos dise\u00f1os que&#8230;<\/p>\n","protected":false},"author":1,"featured_media":0,"parent":170,"menu_order":3,"comment_status":"closed","ping_status":"closed","template":"","meta":[],"_links":{"self":[{"href":"https:\/\/mvs50.es\/index.php\/wp-json\/wp\/v2\/pages\/665"}],"collection":[{"href":"https:\/\/mvs50.es\/index.php\/wp-json\/wp\/v2\/pages"}],"about":[{"href":"https:\/\/mvs50.es\/index.php\/wp-json\/wp\/v2\/types\/page"}],"author":[{"embeddable":true,"href":"https:\/\/mvs50.es\/index.php\/wp-json\/wp\/v2\/users\/1"}],"replies":[{"embeddable":true,"href":"https:\/\/mvs50.es\/index.php\/wp-json\/wp\/v2\/comments?post=665"}],"version-history":[{"count":39,"href":"https:\/\/mvs50.es\/index.php\/wp-json\/wp\/v2\/pages\/665\/revisions"}],"predecessor-version":[{"id":1005,"href":"https:\/\/mvs50.es\/index.php\/wp-json\/wp\/v2\/pages\/665\/revisions\/1005"}],"up":[{"embeddable":true,"href":"https:\/\/mvs50.es\/index.php\/wp-json\/wp\/v2\/pages\/170"}],"wp:attachment":[{"href":"https:\/\/mvs50.es\/index.php\/wp-json\/wp\/v2\/media?parent=665"}],"curies":[{"name":"wp","href":"https:\/\/api.w.org\/{rel}","templated":true}]}}