{"id":681,"date":"2020-08-30T07:58:29","date_gmt":"2020-08-30T07:58:29","guid":{"rendered":"http:\/\/mvs50.es\/?page_id=681"},"modified":"2020-09-03T17:20:43","modified_gmt":"2020-09-03T17:20:43","slug":"lola","status":"publish","type":"page","link":"https:\/\/mvs50.es\/index.php\/orfebreria\/lola\/","title":{"rendered":"LOLA"},"content":{"rendered":"\n<div class=\"wp-block-columns\">\n<div class=\"wp-block-column\">\n<div class=\"wp-block-image is-style-default\"><figure class=\"alignright size-large is-resized\"><img loading=\"lazy\" src=\"http:\/\/mvs50.es\/wp-content\/uploads\/2020\/06\/Magdalena-Velez-2-1024x1024.jpg\" alt=\"\" class=\"wp-image-250\" width=\"333\" height=\"333\" srcset=\"https:\/\/mvs50.es\/wp-content\/uploads\/2020\/06\/Magdalena-Velez-2-1024x1024.jpg 1024w, https:\/\/mvs50.es\/wp-content\/uploads\/2020\/06\/Magdalena-Velez-2-300x300.jpg 300w, https:\/\/mvs50.es\/wp-content\/uploads\/2020\/06\/Magdalena-Velez-2-150x150.jpg 150w, https:\/\/mvs50.es\/wp-content\/uploads\/2020\/06\/Magdalena-Velez-2-768x768.jpg 768w, https:\/\/mvs50.es\/wp-content\/uploads\/2020\/06\/Magdalena-Velez-2-1536x1536.jpg 1536w, https:\/\/mvs50.es\/wp-content\/uploads\/2020\/06\/Magdalena-Velez-2-600x600.jpg 600w, https:\/\/mvs50.es\/wp-content\/uploads\/2020\/06\/Magdalena-Velez-2.jpg 1961w\" sizes=\"(max-width: 333px) 100vw, 333px\" \/><\/figure><\/div>\n<\/div>\n\n\n\n<div class=\"wp-block-column\">\n<p class=\"has-text-align-left\"><span style=\"color:#464646\" class=\"has-inline-color\">La capacidad de la propia creaci\u00f3n emocional de nuevos imaginarios a trav\u00e9s de piezas de orfebrer\u00eda y joyer\u00eda conectadas con la naturaleza, permite que puedan sentirse sus elementos como algo vivo y permanente Y no percibido solo en la imaginaci\u00f3n.<\/span><\/p>\n\n\n\n<p><span style=\"color:#464646\" class=\"has-inline-color\">La delicadeza de la lluvia, su reflejo y huellas en la tierra, las flores y plantas que cambian de estado y color, se entretejen con los materiales que los representan (plata y oro).<\/span><\/p>\n\n\n\n<p><span style=\"color:#464646\" class=\"has-inline-color\">No importa la funci\u00f3n sino el resultado material del mundo ideado.<\/span><\/p>\n\n\n\n<p><span style=\"color:#464646\" class=\"has-inline-color\">Distintas funciones para la misma forma, distintas maneras de situar y\u00a0 jugar con las flores\u2026 cada persona tiene su visi\u00f3n.<\/span><\/p>\n\n\n\n<p><span style=\"color:#464646\" class=\"has-inline-color\">Las piezas se realizan de forma artesanal. Edici\u00f3n numerada.<\/span><\/p>\n<\/div>\n<\/div>\n\n\n\n<div class=\"wp-block-columns\">\n<div class=\"wp-block-column\"><\/div>\n\n\n\n<div class=\"wp-block-column\"><\/div>\n<\/div>\n\n\n\n<div class=\"wp-block-columns\">\n<div class=\"wp-block-column\"><\/div>\n\n\n\n<div class=\"wp-block-column\"><\/div>\n<\/div>\n\n\n\n<div class=\"wp-block-columns\">\n<div class=\"wp-block-column\"><\/div>\n\n\n\n<div class=\"wp-block-column\"><\/div>\n<\/div>\n\n\n\n<div class=\"wp-block-columns\">\n<div class=\"wp-block-column\">\n<figure class=\"wp-block-image size-large is-style-default\"><img loading=\"lazy\" width=\"1961\" height=\"1471\" src=\"http:\/\/mvs50.es\/wp-content\/uploads\/2020\/08\/Magdalena-Velez-3-edited.jpg\" alt=\"\" class=\"wp-image-683\" srcset=\"https:\/\/mvs50.es\/wp-content\/uploads\/2020\/08\/Magdalena-Velez-3-edited.jpg 1961w, https:\/\/mvs50.es\/wp-content\/uploads\/2020\/08\/Magdalena-Velez-3-edited-300x225.jpg 300w, https:\/\/mvs50.es\/wp-content\/uploads\/2020\/08\/Magdalena-Velez-3-edited-1024x768.jpg 1024w, https:\/\/mvs50.es\/wp-content\/uploads\/2020\/08\/Magdalena-Velez-3-edited-768x576.jpg 768w, https:\/\/mvs50.es\/wp-content\/uploads\/2020\/08\/Magdalena-Velez-3-edited-1536x1152.jpg 1536w, https:\/\/mvs50.es\/wp-content\/uploads\/2020\/08\/Magdalena-Velez-3-edited-800x600.jpg 800w, https:\/\/mvs50.es\/wp-content\/uploads\/2020\/08\/Magdalena-Velez-3-edited-600x450.jpg 600w\" sizes=\"(max-width: 1961px) 100vw, 1961px\" \/><figcaption><span style=\"color:#464646\" class=\"has-inline-color\">Florero Lola<\/span><\/figcaption><\/figure>\n<\/div>\n\n\n\n<div class=\"wp-block-column\"><\/div>\n<\/div>\n","protected":false},"excerpt":{"rendered":"<p>La capacidad de la propia creaci\u00f3n emocional de nuevos imaginarios&#8230;<\/p>\n","protected":false},"author":1,"featured_media":0,"parent":170,"menu_order":4,"comment_status":"closed","ping_status":"closed","template":"","meta":[],"_links":{"self":[{"href":"https:\/\/mvs50.es\/index.php\/wp-json\/wp\/v2\/pages\/681"}],"collection":[{"href":"https:\/\/mvs50.es\/index.php\/wp-json\/wp\/v2\/pages"}],"about":[{"href":"https:\/\/mvs50.es\/index.php\/wp-json\/wp\/v2\/types\/page"}],"author":[{"embeddable":true,"href":"https:\/\/mvs50.es\/index.php\/wp-json\/wp\/v2\/users\/1"}],"replies":[{"embeddable":true,"href":"https:\/\/mvs50.es\/index.php\/wp-json\/wp\/v2\/comments?post=681"}],"version-history":[{"count":11,"href":"https:\/\/mvs50.es\/index.php\/wp-json\/wp\/v2\/pages\/681\/revisions"}],"predecessor-version":[{"id":1012,"href":"https:\/\/mvs50.es\/index.php\/wp-json\/wp\/v2\/pages\/681\/revisions\/1012"}],"up":[{"embeddable":true,"href":"https:\/\/mvs50.es\/index.php\/wp-json\/wp\/v2\/pages\/170"}],"wp:attachment":[{"href":"https:\/\/mvs50.es\/index.php\/wp-json\/wp\/v2\/media?parent=681"}],"curies":[{"name":"wp","href":"https:\/\/api.w.org\/{rel}","templated":true}]}}